{"id":1170,"date":"2022-05-16T15:11:39","date_gmt":"2022-05-16T15:11:39","guid":{"rendered":"https:\/\/www.ladamablanca.cl\/wp\/?page_id=1170"},"modified":"2024-09-03T14:52:34","modified_gmt":"2024-09-03T14:52:34","slug":"robotica-educativa","status":"publish","type":"page","link":"https:\/\/www.ladamablanca.cl\/wp\/?page_id=1170","title":{"rendered":"ROBOTICA EDUCATIVA"},"content":{"rendered":"\n<p>La rob\u00f3tica educativa es una herramienta poderosa en la ense\u00f1anza moderna que va m\u00e1s all\u00e1 de la simple programaci\u00f3n y la construcci\u00f3n de robots. En la escuela, esta disciplina permite a los estudiantes explorar conceptos complejos de una manera interactiva y pr\u00e1ctica. A trav\u00e9s de la rob\u00f3tica, las alumnas desarrollan habilidades en \u00e1reas clave como la ciencia, la tecnolog\u00eda, la ingenier\u00eda y las matem\u00e1ticas (STEM), pero tambi\u00e9n fomentan el pensamiento cr\u00edtico, la creatividad y la resoluci\u00f3n de problemas.<\/p>\n\n\n\n<p>En un entorno educativo, la rob\u00f3tica se utiliza para introducir a las estudiantes en el mundo de la automatizaci\u00f3n y la inteligencia artificial de una manera accesible y entretenida. Los proyectos de rob\u00f3tica en la escuela suelen involucrar la construcci\u00f3n y programaci\u00f3n de robots que pueden realizar tareas espec\u00edficas, como seguir una l\u00ednea, evitar obst\u00e1culos o interactuar con su entorno. Esto no solo motiva a las estudiantes a aprender, sino que tambi\u00e9n les ofrece una oportunidad de ver el resultado tangible de su trabajo.<\/p>\n\n\n\n<p>Adem\u00e1s, la rob\u00f3tica educativa promueve el trabajo en equipo y la colaboraci\u00f3n, ya que muchos proyectos requieren que las estudiantes trabajen en grupos para dise\u00f1ar, construir y programar sus robots. Esta experiencia de colaboraci\u00f3n refuerza habilidades sociales importantes y prepara a las estudiantes para desaf\u00edos futuros en cualquier campo que elijan.<\/p>\n\n\n\n<p>En resumen, la rob\u00f3tica educativa en la escuela no solo es una forma efectiva de ense\u00f1ar conceptos t\u00e9cnicos y cient\u00edficos, sino que tambi\u00e9n es una herramienta que inspira y empodera a las estudiantes, prepar\u00e1ndolas para un mundo cada vez m\u00e1s digital y automatizado.<\/p>\n","protected":false},"excerpt":{"rendered":"<p>La rob\u00f3tica educativa es una herramienta poderosa en la ense\u00f1anza moderna que va m\u00e1s all\u00e1 de la simple programaci\u00f3n y la construcci\u00f3n de robots. En&hellip; <\/p>\n","protected":false},"author":1,"featured_media":0,"parent":0,"menu_order":0,"comment_status":"closed","ping_status":"closed","template":"","meta":{"footnotes":""},"class_list":["post-1170","page","type-page","status-publish","hentry"],"_links":{"self":[{"href":"https:\/\/www.ladamablanca.cl\/wp\/index.php?rest_route=\/wp\/v2\/pages\/1170","targetHints":{"allow":["GET"]}}],"collection":[{"href":"https:\/\/www.ladamablanca.cl\/wp\/index.php?rest_route=\/wp\/v2\/pages"}],"about":[{"href":"https:\/\/www.ladamablanca.cl\/wp\/index.php?rest_route=\/wp\/v2\/types\/page"}],"author":[{"embeddable":true,"href":"https:\/\/www.ladamablanca.cl\/wp\/index.php?rest_route=\/wp\/v2\/users\/1"}],"replies":[{"embeddable":true,"href":"https:\/\/www.ladamablanca.cl\/wp\/index.php?rest_route=%2Fwp%2Fv2%2Fcomments&post=1170"}],"version-history":[{"count":3,"href":"https:\/\/www.ladamablanca.cl\/wp\/index.php?rest_route=\/wp\/v2\/pages\/1170\/revisions"}],"predecessor-version":[{"id":3180,"href":"https:\/\/www.ladamablanca.cl\/wp\/index.php?rest_route=\/wp\/v2\/pages\/1170\/revisions\/3180"}],"wp:attachment":[{"href":"https:\/\/www.ladamablanca.cl\/wp\/index.php?rest_route=%2Fwp%2Fv2%2Fmedia&parent=1170"}],"curies":[{"name":"wp","href":"https:\/\/api.w.org\/{rel}","templated":true}]}}