{"id":1388,"date":"2022-09-29T15:11:39","date_gmt":"2022-09-29T15:11:39","guid":{"rendered":"https:\/\/www.ladamablanca.cl\/wp\/?page_id=1388"},"modified":"2022-09-29T19:57:10","modified_gmt":"2022-09-29T19:57:10","slug":"proyecto-de-innovacion-pedagogica-pip","status":"publish","type":"page","link":"https:\/\/www.ladamablanca.cl\/wp\/?page_id=1388","title":{"rendered":"Proyecto de Innovaci\u00f3n Pedag\u00f3gica PIP"},"content":{"rendered":"\n<figure class=\"wp-block-video\"><video height=\"1080\" style=\"aspect-ratio: 1080 \/ 1080;\" width=\"1080\" controls src=\"https:\/\/www.ladamablanca.cl\/wp\/wp-content\/uploads\/2022\/09\/Copia-de-Video-de-Facebook-Moda-Minimalista-Beige.mp4\"><\/video><figcaption>Les presentamos el siguiente video en donde se presenta el Proyecto de Innovaci\u00f3n Pedag\u00f3gica por el Profesor tutor Alejandro Rocha<\/figcaption><\/figure>\n\n\n\n<figure class=\"wp-block-video\"><video height=\"1080\" style=\"aspect-ratio: 1080 \/ 1080;\" width=\"1080\" controls src=\"https:\/\/www.ladamablanca.cl\/wp\/wp-content\/uploads\/2022\/09\/Que-es-ICEC-.mp4\"><\/video><figcaption>Compartimos el siguiente video que trata sobre el ICEC, Indagaci\u00f3n Cient\u00edfica para la Educaci\u00f3n en Ciencias.<\/figcaption><\/figure>\n\n\n\n<figure class=\"wp-block-video\"><video height=\"1080\" style=\"aspect-ratio: 1080 \/ 1080;\" width=\"1080\" controls src=\"https:\/\/www.ladamablanca.cl\/wp\/wp-content\/uploads\/2022\/09\/Proyecto-y-ciencia-.mp4\"><\/video><figcaption>Video presentaci\u00f3n proyecto a trabajar en la escuela con enfoque en indagaci\u00f3n cient\u00edfica por profesor tutor Alejandro Rocha.<\/figcaption><\/figure>\n\n\n\n<figure class=\"wp-block-video\"><video height=\"1080\" style=\"aspect-ratio: 1080 \/ 1080;\" width=\"1080\" controls src=\"https:\/\/www.ladamablanca.cl\/wp\/wp-content\/uploads\/2022\/09\/Consejo-de-profesores-.mp4\"><\/video><figcaption>Compartimos este clip con ustedes con la presentaci\u00f3n del Proyecto de Innovaci\u00f3n Pedag\u00f3gica a la comunidad educativa de nuestro establecimiento.<\/figcaption><\/figure>\n","protected":false},"excerpt":{"rendered":"","protected":false},"author":1,"featured_media":1397,"parent":0,"menu_order":0,"comment_status":"closed","ping_status":"closed","template":"","meta":{"footnotes":""},"class_list":["post-1388","page","type-page","status-publish","has-post-thumbnail","hentry"],"_links":{"self":[{"href":"https:\/\/www.ladamablanca.cl\/wp\/index.php?rest_route=\/wp\/v2\/pages\/1388","targetHints":{"allow":["GET"]}}],"collection":[{"href":"https:\/\/www.ladamablanca.cl\/wp\/index.php?rest_route=\/wp\/v2\/pages"}],"about":[{"href":"https:\/\/www.ladamablanca.cl\/wp\/index.php?rest_route=\/wp\/v2\/types\/page"}],"author":[{"embeddable":true,"href":"https:\/\/www.ladamablanca.cl\/wp\/index.php?rest_route=\/wp\/v2\/users\/1"}],"replies":[{"embeddable":true,"href":"https:\/\/www.ladamablanca.cl\/wp\/index.php?rest_route=%2Fwp%2Fv2%2Fcomments&post=1388"}],"version-history":[{"count":4,"href":"https:\/\/www.ladamablanca.cl\/wp\/index.php?rest_route=\/wp\/v2\/pages\/1388\/revisions"}],"predecessor-version":[{"id":1398,"href":"https:\/\/www.ladamablanca.cl\/wp\/index.php?rest_route=\/wp\/v2\/pages\/1388\/revisions\/1398"}],"wp:featuredmedia":[{"embeddable":true,"href":"https:\/\/www.ladamablanca.cl\/wp\/index.php?rest_route=\/wp\/v2\/media\/1397"}],"wp:attachment":[{"href":"https:\/\/www.ladamablanca.cl\/wp\/index.php?rest_route=%2Fwp%2Fv2%2Fmedia&parent=1388"}],"curies":[{"name":"wp","href":"https:\/\/api.w.org\/{rel}","templated":true}]}}