{"id":2010,"date":"2023-10-17T02:24:36","date_gmt":"2023-10-17T02:24:36","guid":{"rendered":"https:\/\/www.ladamablanca.cl\/wp\/?page_id=2010"},"modified":"2024-05-24T15:23:52","modified_gmt":"2024-05-24T15:23:52","slug":"antes-y-despues-de-nuestra-dama-blanca","status":"publish","type":"page","link":"https:\/\/www.ladamablanca.cl\/wp\/?page_id=2010","title":{"rendered":"RENOVACI\u00d3N DAMA BLANCA"},"content":{"rendered":"\n<p>ESTIMADA COMUNIDAD EDUCATIVA<\/p>\n\n\n\n<p class=\"has-medium-font-size\">Durante este 2023, nuestro establecimiento ha pasado por una serie de cambios estructurales que nos benefician enormemente para dar una mejor acogida a todas nuestras estudiantes, como, por ejemplo, tener una temperatura agradable en nuestras salas gracias a las ventanas termopanel, el tener pasillos renovados y la renovaci\u00f3n de nuestra multicancha cumpliendo est\u00e1ndares alto. As\u00ed nuestra escuela evoluciona para recibir a nuevas estudiantes cada a\u00f1o en un lugar m\u00e1s seguro y renovado.<br>A continuaci\u00f3n presentamos algunas fotos de c\u00f3mo era nuestra escuela y como est\u00e1 actualmente.<\/p>\n\n\n\n<div class=\"wp-block-gmedia-gallery gmedia-shortcode\"><div class=\"gmedia_gallery amron_module is_bot\" id=\"GmediaGallery_12\" data-gmid=\"12\" data-module=\"amron\"><script type=\"text\/javascript\">\n\t(function() {\n\t\tthis['GmediaGallery_12'] = {\n\t\t\t'settings':{\"collectionThumbRecomendedWidth\":\"260\",\"collectionPreloaderColor\":\"333333\",\"linkTargetWindow\":\"_blank\",\"thumbSpacing\":\"10\",\"tagsFilter\":\"1\",\"tagCloudAll\":\"All\",\"tagCloudTextColor\":\"rgba(0, 0, 0, 1)\",\"tagCloudTextColorOver\":\"rgba(255,255, 255, 1)\",\"tagCloudBgColor\":\"rgba(211, 211, 211, 1)\",\"tagCloudBgColorOver\":\"rgba(11, 11, 11, 1)\",\"collectionThumbHoverColor\":\"rgba(0, 0, 0, .7)\",\"collectionThumbContentBGColor\":\"rgba(245,245,245,1)\",\"collectionThumbTitleShow\":\"1\",\"collectionThumbTitleColor\":\"rgba(0,0,0,1)\",\"collectionThumbFontSize\":\"18\",\"collectionThumbDescriptionShow\":\"1\",\"collectionThumbDescriptionColor\":\"rgba(0,0,0,1)\",\"collectionThumbDescriptionFontSize\":\"15\",\"collectionReadMoreButtonLabel\":\"Read More\",\"collectionReadMoreButtonLabelColor\":\"rgba(255, 255, 255, 1)\",\"collectionReadMoreButtonBGColor\":\"rgba(0, 0, 0, 1)\",\"collectionReadMoreButtonLabelColorHover\":\"rgba(0, 0, 0, 1)\",\"collectionReadMoreButtonBGColorHover\":\"rgba(235,235,235,1)\",\"modaBgColor\":\"rgba(0,0,0,0.9)\",\"modalInfoBoxBgColor\":\"rgba(255,255,255,1)\",\"modalInfoBoxTitleTextColor\":\"000000\",\"modalInfoBoxTextColor\":\"333333\",\"infoBarCountersEnable\":\"1\",\"infoBarDateInfoEnable\":\"1\",\"lightBoxEnable\":\"1\",\"sliderPreloaderColor\":\"ffffff\",\"sliderBgColor\":\"rgba(0,0,0,0.8)\",\"sliderHeaderFooterBgColor\":\"000000\",\"sliderNavigationColor\":\"rgba(0,0,0,1)\",\"sliderNavigationIconColor\":\"rgba(255,255,255,1)\",\"sliderNavigationColorOver\":\"rgba(255,255,255,1)\",\"sliderNavigationIconColorOver\":\"rgba(0,0,0,1)\",\"sliderItemTitleFontSize\":\"24\",\"sliderItemTitleTextColor\":\"ffffff\",\"sliderThumbBarEnable\":\"0\",\"sliderThumbBarHoverColor\":\"ffffff\",\"sliderThumbSubMenuBackgroundColor\":\"rgba(0,0,0,1)\",\"sliderThumbSubMenuBackgroundColorOver\":\"rgba(255,255,255,1)\",\"sliderThumbSubMenuIconColor\":\"rgba(255,255,255,1)\",\"sliderThumbSubMenuIconHoverColor\":\"rgba(0,0,0,1)\",\"sliderInfoEnable\":\"1\",\"sliderItemDownload\":\"1\",\"sliderItemDiscuss\":\"1\",\"sliderSocialShareEnabled\":\"1\",\"sliderLikesEnabled\":\"1\",\"customCSS\":\"\",\"module_url\":\"https:\\\/\\\/www.ladamablanca.cl\\\/wp\\\/wp-content\\\/plugins\\\/grand-media\\\/module\\\/amron\",\"license\":\"\",\"post_url\":\"https:\\\/\\\/www.ladamablanca.cl\\\/wp?rest_route=wpv2pages2010\"},\n\t\t\t'appQuery':{\"status\":[\"publish\"],\"limit\":100},\n\t\t\t'appApi':\"https:\\\/\\\/www.ladamablanca.cl\\\/wp\\\/?gmedia-app=1&gmappversion=4&gmmodule=1\",\n\t\t\t'appInfo':{\"name\":\"\",\"description\":\"\"}};\n\t})();\n<\/script>\n<\/div><\/div>\n","protected":false},"excerpt":{"rendered":"<p>ESTIMADA COMUNIDAD EDUCATIVA Durante este 2023, nuestro establecimiento ha pasado por una serie de cambios estructurales que nos benefician enormemente para dar una mejor acogida&hellip; <\/p>\n","protected":false},"author":1,"featured_media":0,"parent":0,"menu_order":0,"comment_status":"closed","ping_status":"closed","template":"","meta":{"footnotes":""},"class_list":["post-2010","page","type-page","status-publish","hentry"],"_links":{"self":[{"href":"https:\/\/www.ladamablanca.cl\/wp\/index.php?rest_route=\/wp\/v2\/pages\/2010","targetHints":{"allow":["GET"]}}],"collection":[{"href":"https:\/\/www.ladamablanca.cl\/wp\/index.php?rest_route=\/wp\/v2\/pages"}],"about":[{"href":"https:\/\/www.ladamablanca.cl\/wp\/index.php?rest_route=\/wp\/v2\/types\/page"}],"author":[{"embeddable":true,"href":"https:\/\/www.ladamablanca.cl\/wp\/index.php?rest_route=\/wp\/v2\/users\/1"}],"replies":[{"embeddable":true,"href":"https:\/\/www.ladamablanca.cl\/wp\/index.php?rest_route=%2Fwp%2Fv2%2Fcomments&post=2010"}],"version-history":[{"count":3,"href":"https:\/\/www.ladamablanca.cl\/wp\/index.php?rest_route=\/wp\/v2\/pages\/2010\/revisions"}],"predecessor-version":[{"id":2909,"href":"https:\/\/www.ladamablanca.cl\/wp\/index.php?rest_route=\/wp\/v2\/pages\/2010\/revisions\/2909"}],"wp:attachment":[{"href":"https:\/\/www.ladamablanca.cl\/wp\/index.php?rest_route=%2Fwp%2Fv2%2Fmedia&parent=2010"}],"curies":[{"name":"wp","href":"https:\/\/api.w.org\/{rel}","templated":true}]}}