{"id":2834,"date":"2024-05-23T16:25:51","date_gmt":"2024-05-23T16:25:51","guid":{"rendered":"https:\/\/www.ladamablanca.cl\/wp\/?page_id=2834"},"modified":"2024-05-23T19:48:47","modified_gmt":"2024-05-23T19:48:47","slug":"estrellas-del-saber","status":"publish","type":"page","link":"https:\/\/www.ladamablanca.cl\/wp\/?page_id=2834","title":{"rendered":"ESTRELLAS DEL SABER"},"content":{"rendered":"\n<p>La implementaci\u00f3n de un taller para ni\u00f1as sobre escribir y leer es fundamental para su desarrollo integral. Este tipo de actividad no solo mejora sus habilidades ling\u00fc\u00edsticas, sino que tambi\u00e9n fortalece su capacidad de comunicaci\u00f3n y expresi\u00f3n personal. A trav\u00e9s de la lectura, las ni\u00f1as pueden explorar mundos nuevos, expandir su imaginaci\u00f3n y adquirir conocimientos que les permiten comprender mejor su entorno. Adem\u00e1s, la escritura les proporciona una herramienta poderosa para plasmar sus pensamientos y emociones, fomentando la creatividad y el pensamiento cr\u00edtico.<\/p>\n\n\n\n<p>Asimismo, un taller de este tipo contribuye significativamente al empoderamiento de las ni\u00f1as. Al dominar las habilidades de lectura y escritura, ganan confianza en s\u00ed mismas y en su capacidad para expresarse y participar activamente en la sociedad. Este proceso de aprendizaje les abre puertas a futuras oportunidades acad\u00e9micas y profesionales, y les ayuda a desarrollar una voz propia, esencial para la defensa de sus derechos y la construcci\u00f3n de una identidad fuerte y segura. Fomentar la lectura y la escritura en un entorno de apoyo y est\u00edmulo puede transformar profundamente la vida de las ni\u00f1as, equip\u00e1ndolas con las herramientas necesarias para enfrentar los desaf\u00edos del futuro.<\/p>\n\n\n\n<figure class=\"wp-block-image size-large\"><img loading=\"lazy\" decoding=\"async\" width=\"1024\" height=\"1024\" src=\"https:\/\/www.ladamablanca.cl\/wp\/wp-content\/uploads\/2024\/05\/434970001_751470456974482_4486471135444495648_n-1024x1024.jpg\" alt=\"\" class=\"wp-image-2875\" srcset=\"https:\/\/www.ladamablanca.cl\/wp\/wp-content\/uploads\/2024\/05\/434970001_751470456974482_4486471135444495648_n-1024x1024.jpg 1024w, https:\/\/www.ladamablanca.cl\/wp\/wp-content\/uploads\/2024\/05\/434970001_751470456974482_4486471135444495648_n-300x300.jpg 300w, https:\/\/www.ladamablanca.cl\/wp\/wp-content\/uploads\/2024\/05\/434970001_751470456974482_4486471135444495648_n-150x150.jpg 150w, https:\/\/www.ladamablanca.cl\/wp\/wp-content\/uploads\/2024\/05\/434970001_751470456974482_4486471135444495648_n-768x768.jpg 768w, https:\/\/www.ladamablanca.cl\/wp\/wp-content\/uploads\/2024\/05\/434970001_751470456974482_4486471135444495648_n.jpg 1080w\" sizes=\"auto, (max-width: 1024px) 100vw, 1024px\" \/><\/figure>\n","protected":false},"excerpt":{"rendered":"<p>La implementaci\u00f3n de un taller para ni\u00f1as sobre escribir y leer es fundamental para su desarrollo integral. Este tipo de actividad no solo mejora sus&hellip; <\/p>\n","protected":false},"author":1,"featured_media":0,"parent":0,"menu_order":0,"comment_status":"closed","ping_status":"closed","template":"","meta":{"footnotes":""},"class_list":["post-2834","page","type-page","status-publish","hentry"],"_links":{"self":[{"href":"https:\/\/www.ladamablanca.cl\/wp\/index.php?rest_route=\/wp\/v2\/pages\/2834","targetHints":{"allow":["GET"]}}],"collection":[{"href":"https:\/\/www.ladamablanca.cl\/wp\/index.php?rest_route=\/wp\/v2\/pages"}],"about":[{"href":"https:\/\/www.ladamablanca.cl\/wp\/index.php?rest_route=\/wp\/v2\/types\/page"}],"author":[{"embeddable":true,"href":"https:\/\/www.ladamablanca.cl\/wp\/index.php?rest_route=\/wp\/v2\/users\/1"}],"replies":[{"embeddable":true,"href":"https:\/\/www.ladamablanca.cl\/wp\/index.php?rest_route=%2Fwp%2Fv2%2Fcomments&post=2834"}],"version-history":[{"count":2,"href":"https:\/\/www.ladamablanca.cl\/wp\/index.php?rest_route=\/wp\/v2\/pages\/2834\/revisions"}],"predecessor-version":[{"id":2876,"href":"https:\/\/www.ladamablanca.cl\/wp\/index.php?rest_route=\/wp\/v2\/pages\/2834\/revisions\/2876"}],"wp:attachment":[{"href":"https:\/\/www.ladamablanca.cl\/wp\/index.php?rest_route=%2Fwp%2Fv2%2Fmedia&parent=2834"}],"curies":[{"name":"wp","href":"https:\/\/api.w.org\/{rel}","templated":true}]}}