{"id":2836,"date":"2024-05-23T16:26:11","date_gmt":"2024-05-23T16:26:11","guid":{"rendered":"https:\/\/www.ladamablanca.cl\/wp\/?page_id=2836"},"modified":"2024-05-23T20:00:12","modified_gmt":"2024-05-23T20:00:12","slug":"danza-arabe","status":"publish","type":"page","link":"https:\/\/www.ladamablanca.cl\/wp\/?page_id=2836","title":{"rendered":"DANZA \u00c1RABE"},"content":{"rendered":"\n<p>La inclusi\u00f3n de un taller de danza \u00e1rabe en el curr\u00edculo escolar ofrece una valiosa oportunidad para enriquecer la experiencia educativa de los estudiantes. Este arte milenario no solo promueve la apreciaci\u00f3n de la diversidad cultural y el respeto por otras tradiciones, sino que tambi\u00e9n brinda beneficios f\u00edsicos, emocionales y cognitivos. A trav\u00e9s de la danza \u00e1rabe, los estudiantes pueden mejorar su coordinaci\u00f3n motora, flexibilidad y resistencia f\u00edsica, mientras exploran movimientos elegantes y expresivos que les permiten conectarse con su cuerpo de una manera \u00fanica.<\/p>\n\n\n\n<p>Adem\u00e1s de los aspectos f\u00edsicos, el taller de danza \u00e1rabe fomenta el desarrollo emocional y social de los estudiantes. Al aprender esta forma de arte, los alumnos experimentan una mayor confianza en s\u00ed mismos y en sus habilidades creativas. La danza \u00e1rabe tambi\u00e9n promueve la autoexpresi\u00f3n y la autoestima, proporcionando un espacio seguro para explorar emociones y sentimientos a trav\u00e9s del movimiento. Adem\u00e1s, al trabajar en conjunto con otros compa\u00f1eros en coreograf\u00edas y presentaciones, los estudiantes desarrollan habilidades de trabajo en equipo, cooperaci\u00f3n y respeto mutuo. En resumen, el taller de danza \u00e1rabe no solo enriquece la experiencia educativa de los estudiantes, sino que tambi\u00e9n contribuye al desarrollo integral de su bienestar f\u00edsico, emocional y social.<\/p>\n\n\n\n<p><\/p>\n\n\n\n<figure class=\"wp-block-gallery has-nested-images columns-default is-cropped wp-block-gallery-1 is-layout-flex wp-block-gallery-is-layout-flex\">\n<figure class=\"wp-block-image size-full\"><img loading=\"lazy\" decoding=\"async\" width=\"960\" height=\"960\" data-id=\"2878\" src=\"https:\/\/www.ladamablanca.cl\/wp\/wp-content\/uploads\/2024\/05\/435118421_751375176984010_4170360324032698772_n.jpg\" alt=\"\" class=\"wp-image-2878\" srcset=\"https:\/\/www.ladamablanca.cl\/wp\/wp-content\/uploads\/2024\/05\/435118421_751375176984010_4170360324032698772_n.jpg 960w, https:\/\/www.ladamablanca.cl\/wp\/wp-content\/uploads\/2024\/05\/435118421_751375176984010_4170360324032698772_n-300x300.jpg 300w, https:\/\/www.ladamablanca.cl\/wp\/wp-content\/uploads\/2024\/05\/435118421_751375176984010_4170360324032698772_n-150x150.jpg 150w, https:\/\/www.ladamablanca.cl\/wp\/wp-content\/uploads\/2024\/05\/435118421_751375176984010_4170360324032698772_n-768x768.jpg 768w\" sizes=\"auto, (max-width: 960px) 100vw, 960px\" \/><\/figure>\n<\/figure>\n","protected":false},"excerpt":{"rendered":"<p>La inclusi\u00f3n de un taller de danza \u00e1rabe en el curr\u00edculo escolar ofrece una valiosa oportunidad para enriquecer la experiencia educativa de los estudiantes. Este&hellip; <\/p>\n","protected":false},"author":1,"featured_media":0,"parent":0,"menu_order":0,"comment_status":"closed","ping_status":"closed","template":"","meta":{"footnotes":""},"class_list":["post-2836","page","type-page","status-publish","hentry"],"_links":{"self":[{"href":"https:\/\/www.ladamablanca.cl\/wp\/index.php?rest_route=\/wp\/v2\/pages\/2836","targetHints":{"allow":["GET"]}}],"collection":[{"href":"https:\/\/www.ladamablanca.cl\/wp\/index.php?rest_route=\/wp\/v2\/pages"}],"about":[{"href":"https:\/\/www.ladamablanca.cl\/wp\/index.php?rest_route=\/wp\/v2\/types\/page"}],"author":[{"embeddable":true,"href":"https:\/\/www.ladamablanca.cl\/wp\/index.php?rest_route=\/wp\/v2\/users\/1"}],"replies":[{"embeddable":true,"href":"https:\/\/www.ladamablanca.cl\/wp\/index.php?rest_route=%2Fwp%2Fv2%2Fcomments&post=2836"}],"version-history":[{"count":2,"href":"https:\/\/www.ladamablanca.cl\/wp\/index.php?rest_route=\/wp\/v2\/pages\/2836\/revisions"}],"predecessor-version":[{"id":2879,"href":"https:\/\/www.ladamablanca.cl\/wp\/index.php?rest_route=\/wp\/v2\/pages\/2836\/revisions\/2879"}],"wp:attachment":[{"href":"https:\/\/www.ladamablanca.cl\/wp\/index.php?rest_route=%2Fwp%2Fv2%2Fmedia&parent=2836"}],"curies":[{"name":"wp","href":"https:\/\/api.w.org\/{rel}","templated":true}]}}