{"id":2838,"date":"2024-05-23T16:26:50","date_gmt":"2024-05-23T16:26:50","guid":{"rendered":"https:\/\/www.ladamablanca.cl\/wp\/?page_id=2838"},"modified":"2024-05-23T19:42:45","modified_gmt":"2024-05-23T19:42:45","slug":"futbol","status":"publish","type":"page","link":"https:\/\/www.ladamablanca.cl\/wp\/?page_id=2838","title":{"rendered":"F\u00daTBOL"},"content":{"rendered":"\n<p>El f\u00fatbol como taller extraescolar ofrece m\u00faltiples beneficios y oportunidades para los estudiantes de nuestro establecimiento. Este taller no solo se enfoca en mejorar las habilidades deportivas y el rendimiento f\u00edsico de los participantes, sino que tambi\u00e9n promueve valores esenciales como el trabajo en equipo, la disciplina, el respeto y la perseverancia.<\/p>\n\n\n\n<p>Participar en el taller de f\u00fatbol permite a los estudiantes desarrollar una serie de habilidades t\u00e9cnicas, t\u00e1cticas y estrat\u00e9gicas que son fundamentales para el juego. A trav\u00e9s de entrenamientos regulares y competiciones, los alumnos aprenden a controlar el bal\u00f3n, mejorar su velocidad y agilidad, y entender las din\u00e1micas de juego y las distintas posiciones en el campo.<\/p>\n\n\n\n<p>Adem\u00e1s de los aspectos puramente deportivos, el taller de f\u00fatbol tiene un impacto significativo en el desarrollo personal y social de los estudiantes. Fomentar la colaboraci\u00f3n y el trabajo en equipo ayuda a los alumnos a entender la importancia de confiar en sus compa\u00f1eros y de trabajar juntos hacia un objetivo com\u00fan. La disciplina que se requiere para asistir a los entrenamientos y seguir las instrucciones del entrenador tambi\u00e9n se traduce en un mejor rendimiento acad\u00e9mico y en una mayor capacidad para manejar responsabilidades fuera del \u00e1mbito deportivo.<\/p>\n\n\n\n<p>El f\u00fatbol, como actividad extraescolar, tambi\u00e9n ofrece un espacio para la recreaci\u00f3n y la liberaci\u00f3n de estr\u00e9s, contribuyendo al bienestar emocional de los estudiantes. Participar en un deporte colectivo brinda la oportunidad de hacer nuevos amigos y de fortalecer las relaciones interpersonales dentro de un ambiente positivo y de apoyo.<\/p>\n\n\n\n<p>En resumen, el taller de f\u00fatbol no solo mejora la condici\u00f3n f\u00edsica y las habilidades deportivas de los estudiantes, sino que tambi\u00e9n enriquece su desarrollo integral, ense\u00f1\u00e1ndoles valores y habilidades que ser\u00e1n \u00fatiles en todos los aspectos de su vida. Por ello, consideramos que esta actividad es una parte valiosa y enriquecedora de nuestra oferta educativa extracurricular.<\/p>\n\n\n\n<figure class=\"wp-block-image size-full\"><img loading=\"lazy\" decoding=\"async\" width=\"960\" height=\"960\" src=\"https:\/\/www.ladamablanca.cl\/wp\/wp-content\/uploads\/2024\/05\/435069138_751375203650674_4868619410728682191_n.jpg\" alt=\"\" class=\"wp-image-2872\" srcset=\"https:\/\/www.ladamablanca.cl\/wp\/wp-content\/uploads\/2024\/05\/435069138_751375203650674_4868619410728682191_n.jpg 960w, https:\/\/www.ladamablanca.cl\/wp\/wp-content\/uploads\/2024\/05\/435069138_751375203650674_4868619410728682191_n-300x300.jpg 300w, https:\/\/www.ladamablanca.cl\/wp\/wp-content\/uploads\/2024\/05\/435069138_751375203650674_4868619410728682191_n-150x150.jpg 150w, https:\/\/www.ladamablanca.cl\/wp\/wp-content\/uploads\/2024\/05\/435069138_751375203650674_4868619410728682191_n-768x768.jpg 768w\" sizes=\"auto, (max-width: 960px) 100vw, 960px\" \/><\/figure>\n","protected":false},"excerpt":{"rendered":"<p>El f\u00fatbol como taller extraescolar ofrece m\u00faltiples beneficios y oportunidades para los estudiantes de nuestro establecimiento. Este taller no solo se enfoca en mejorar las&hellip; <\/p>\n","protected":false},"author":1,"featured_media":0,"parent":0,"menu_order":0,"comment_status":"closed","ping_status":"closed","template":"","meta":{"footnotes":""},"class_list":["post-2838","page","type-page","status-publish","hentry"],"_links":{"self":[{"href":"https:\/\/www.ladamablanca.cl\/wp\/index.php?rest_route=\/wp\/v2\/pages\/2838","targetHints":{"allow":["GET"]}}],"collection":[{"href":"https:\/\/www.ladamablanca.cl\/wp\/index.php?rest_route=\/wp\/v2\/pages"}],"about":[{"href":"https:\/\/www.ladamablanca.cl\/wp\/index.php?rest_route=\/wp\/v2\/types\/page"}],"author":[{"embeddable":true,"href":"https:\/\/www.ladamablanca.cl\/wp\/index.php?rest_route=\/wp\/v2\/users\/1"}],"replies":[{"embeddable":true,"href":"https:\/\/www.ladamablanca.cl\/wp\/index.php?rest_route=%2Fwp%2Fv2%2Fcomments&post=2838"}],"version-history":[{"count":2,"href":"https:\/\/www.ladamablanca.cl\/wp\/index.php?rest_route=\/wp\/v2\/pages\/2838\/revisions"}],"predecessor-version":[{"id":2873,"href":"https:\/\/www.ladamablanca.cl\/wp\/index.php?rest_route=\/wp\/v2\/pages\/2838\/revisions\/2873"}],"wp:attachment":[{"href":"https:\/\/www.ladamablanca.cl\/wp\/index.php?rest_route=%2Fwp%2Fv2%2Fmedia&parent=2838"}],"curies":[{"name":"wp","href":"https:\/\/api.w.org\/{rel}","templated":true}]}}