{"id":2840,"date":"2024-05-23T16:27:04","date_gmt":"2024-05-23T16:27:04","guid":{"rendered":"https:\/\/www.ladamablanca.cl\/wp\/?page_id=2840"},"modified":"2024-06-06T20:38:52","modified_gmt":"2024-06-06T20:38:52","slug":"debate","status":"publish","type":"page","link":"https:\/\/www.ladamablanca.cl\/wp\/?page_id=2840","title":{"rendered":"DEBATE 2024"},"content":{"rendered":"\n<p class=\"has-medium-font-size\">El taller de debate en la escuela es crucial para el desarrollo acad\u00e9mico y personal de los estudiantes, ya que les proporciona habilidades fundamentales para la vida. Participar en debates fomenta el pensamiento cr\u00edtico y la capacidad de an\u00e1lisis, ya que los estudiantes deben investigar diversos temas, evaluar informaci\u00f3n y construir argumentos s\u00f3lidos. Esta pr\u00e1ctica mejora significativamente sus habilidades de comunicaci\u00f3n verbal y escrita, permiti\u00e9ndoles expresarse con claridad y persuadir a sus oyentes de manera efectiva. Adem\u00e1s, el debate ense\u00f1a a los estudiantes a escuchar activamente y a respetar opiniones contrarias, cultivando una mentalidad abierta y tolerante.<br>A nivel social y emocional, el taller de debate fortalece la confianza en s\u00ed mismos y la autoestima de los estudiantes, ya que les da la oportunidad de hablar en p\u00fablico y defender sus ideas. Tambi\u00e9n promueve el desarrollo de habilidades interpersonales, como la colaboraci\u00f3n y el trabajo en equipo, ya que los debates a menudo requieren la coordinaci\u00f3n y el apoyo mutuo entre los miembros del grupo. Este entorno fomenta el respeto y la empat\u00eda, ense\u00f1ando a los estudiantes a considerar y valorar diferentes perspectivas. En resumen, el taller de debate es una herramienta educativa integral que prepara a los estudiantes para enfrentar desaf\u00edos acad\u00e9micos y profesionales, y para ser ciudadanos cr\u00edticos y comprometidos en una sociedad democr\u00e1tica.<\/p>\n","protected":false},"excerpt":{"rendered":"<p>El taller de debate en la escuela es crucial para el desarrollo acad\u00e9mico y personal de los estudiantes, ya que les proporciona habilidades fundamentales para&hellip; <\/p>\n","protected":false},"author":1,"featured_media":0,"parent":0,"menu_order":0,"comment_status":"closed","ping_status":"closed","template":"","meta":{"footnotes":""},"class_list":["post-2840","page","type-page","status-publish","hentry"],"_links":{"self":[{"href":"https:\/\/www.ladamablanca.cl\/wp\/index.php?rest_route=\/wp\/v2\/pages\/2840","targetHints":{"allow":["GET"]}}],"collection":[{"href":"https:\/\/www.ladamablanca.cl\/wp\/index.php?rest_route=\/wp\/v2\/pages"}],"about":[{"href":"https:\/\/www.ladamablanca.cl\/wp\/index.php?rest_route=\/wp\/v2\/types\/page"}],"author":[{"embeddable":true,"href":"https:\/\/www.ladamablanca.cl\/wp\/index.php?rest_route=\/wp\/v2\/users\/1"}],"replies":[{"embeddable":true,"href":"https:\/\/www.ladamablanca.cl\/wp\/index.php?rest_route=%2Fwp%2Fv2%2Fcomments&post=2840"}],"version-history":[{"count":3,"href":"https:\/\/www.ladamablanca.cl\/wp\/index.php?rest_route=\/wp\/v2\/pages\/2840\/revisions"}],"predecessor-version":[{"id":3114,"href":"https:\/\/www.ladamablanca.cl\/wp\/index.php?rest_route=\/wp\/v2\/pages\/2840\/revisions\/3114"}],"wp:attachment":[{"href":"https:\/\/www.ladamablanca.cl\/wp\/index.php?rest_route=%2Fwp%2Fv2%2Fmedia&parent=2840"}],"curies":[{"name":"wp","href":"https:\/\/api.w.org\/{rel}","templated":true}]}}