{"id":2842,"date":"2024-05-23T16:27:56","date_gmt":"2024-05-23T16:27:56","guid":{"rendered":"https:\/\/www.ladamablanca.cl\/wp\/?page_id=2842"},"modified":"2024-06-06T18:12:24","modified_gmt":"2024-06-06T18:12:24","slug":"danza-latinoamericana","status":"publish","type":"page","link":"https:\/\/www.ladamablanca.cl\/wp\/?page_id=2842","title":{"rendered":"DANZA LATINOAM\u00c9RICANA"},"content":{"rendered":"\n<p class=\"has-medium-font-size\">El taller de danza latinoamericana en el establecimiento educativo es de gran importancia, ya que ofrece m\u00faltiples beneficios para el desarrollo integral de las estudiantes. Este tipo de danza, rica en diversidad y tradici\u00f3n, permite a las estudiantes conectarse con sus ra\u00edces culturales y apreciar la variedad de expresiones art\u00edsticas de Am\u00e9rica Latina.<br>A nivel f\u00edsico, la danza latinoamericana mejora la coordinaci\u00f3n, la flexibilidad y la resistencia cardiovascular, contribuyendo a un estilo de vida saludable. Las din\u00e1micas y variadas coreograf\u00edas tambi\u00e9n fomentan la disciplina y la memoria, ya que las estudiantes deben aprender y recordar secuencias de movimientos complejas.<br>En el \u00e1mbito emocional y social, la danza ofrece una v\u00eda para la expresi\u00f3n personal y la liberaci\u00f3n de emociones, lo cual es fundamental para el bienestar mental. Adem\u00e1s, participar en un taller de danza fortalece el sentido de comunidad y trabajo en equipo, ya que muchas danzas se ejecutan en pareja o en grupo, promoviendo la colaboraci\u00f3n y la confianza mutua.<br>El taller tambi\u00e9n enriquece el conocimiento cultural de las estudiantes, exponi\u00e9ndolas a diferentes ritmos, estilos y tradiciones de pa\u00edses latinoamericanos. Esto no solo ampl\u00eda su perspectiva cultural, sino que tambi\u00e9n fomenta el respeto y la valoraci\u00f3n de la diversidad.<\/p>\n","protected":false},"excerpt":{"rendered":"<p>El taller de danza latinoamericana en el establecimiento educativo es de gran importancia, ya que ofrece m\u00faltiples beneficios para el desarrollo integral de las estudiantes.&hellip; <\/p>\n","protected":false},"author":1,"featured_media":0,"parent":0,"menu_order":0,"comment_status":"closed","ping_status":"closed","template":"","meta":{"footnotes":""},"class_list":["post-2842","page","type-page","status-publish","hentry"],"_links":{"self":[{"href":"https:\/\/www.ladamablanca.cl\/wp\/index.php?rest_route=\/wp\/v2\/pages\/2842","targetHints":{"allow":["GET"]}}],"collection":[{"href":"https:\/\/www.ladamablanca.cl\/wp\/index.php?rest_route=\/wp\/v2\/pages"}],"about":[{"href":"https:\/\/www.ladamablanca.cl\/wp\/index.php?rest_route=\/wp\/v2\/types\/page"}],"author":[{"embeddable":true,"href":"https:\/\/www.ladamablanca.cl\/wp\/index.php?rest_route=\/wp\/v2\/users\/1"}],"replies":[{"embeddable":true,"href":"https:\/\/www.ladamablanca.cl\/wp\/index.php?rest_route=%2Fwp%2Fv2%2Fcomments&post=2842"}],"version-history":[{"count":2,"href":"https:\/\/www.ladamablanca.cl\/wp\/index.php?rest_route=\/wp\/v2\/pages\/2842\/revisions"}],"predecessor-version":[{"id":3111,"href":"https:\/\/www.ladamablanca.cl\/wp\/index.php?rest_route=\/wp\/v2\/pages\/2842\/revisions\/3111"}],"wp:attachment":[{"href":"https:\/\/www.ladamablanca.cl\/wp\/index.php?rest_route=%2Fwp%2Fv2%2Fmedia&parent=2842"}],"curies":[{"name":"wp","href":"https:\/\/api.w.org\/{rel}","templated":true}]}}