{"id":2848,"date":"2024-05-23T16:28:57","date_gmt":"2024-05-23T16:28:57","guid":{"rendered":"https:\/\/www.ladamablanca.cl\/wp\/?page_id=2848"},"modified":"2024-06-06T18:08:20","modified_gmt":"2024-06-06T18:08:20","slug":"voleibol","status":"publish","type":"page","link":"https:\/\/www.ladamablanca.cl\/wp\/?page_id=2848","title":{"rendered":"VOLEIBOL"},"content":{"rendered":"\n<p class=\"has-medium-font-size\">El voleibol como taller es fundamental para el desarrollo f\u00edsico, social y emocional de las estudiantes. Este deporte fomenta la actividad f\u00edsica regular, mejorando la salud cardiovascular, la coordinaci\u00f3n y la agilidad. Adem\u00e1s, el voleibol ense\u00f1a valores importantes como el trabajo en equipo, la comunicaci\u00f3n efectiva y el liderazgo, ya que requiere colaboraci\u00f3n y estrategias compartidas para lograr objetivos comunes. Participar en este taller tambi\u00e9n puede aumentar la autoestima y la confianza de las estudiantes, al ofrecerles oportunidades para establecer metas y superarse continuamente. Asimismo, el voleibol promueve el respeto y la disciplina, ya que las reglas del juego y la interacci\u00f3n con compa\u00f1eras y adversarias desarrollan un sentido de fair play y \u00e9tica deportiva. En resumen, el taller de voleibol contribuye de manera integral al desarrollo personal y social de las estudiantes, enriqueciendo su experiencia educativa.<\/p>\n","protected":false},"excerpt":{"rendered":"<p>El voleibol como taller es fundamental para el desarrollo f\u00edsico, social y emocional de las estudiantes. Este deporte fomenta la actividad f\u00edsica regular, mejorando la&hellip; <\/p>\n","protected":false},"author":1,"featured_media":0,"parent":0,"menu_order":0,"comment_status":"closed","ping_status":"closed","template":"","meta":{"footnotes":""},"class_list":["post-2848","page","type-page","status-publish","hentry"],"_links":{"self":[{"href":"https:\/\/www.ladamablanca.cl\/wp\/index.php?rest_route=\/wp\/v2\/pages\/2848","targetHints":{"allow":["GET"]}}],"collection":[{"href":"https:\/\/www.ladamablanca.cl\/wp\/index.php?rest_route=\/wp\/v2\/pages"}],"about":[{"href":"https:\/\/www.ladamablanca.cl\/wp\/index.php?rest_route=\/wp\/v2\/types\/page"}],"author":[{"embeddable":true,"href":"https:\/\/www.ladamablanca.cl\/wp\/index.php?rest_route=\/wp\/v2\/users\/1"}],"replies":[{"embeddable":true,"href":"https:\/\/www.ladamablanca.cl\/wp\/index.php?rest_route=%2Fwp%2Fv2%2Fcomments&post=2848"}],"version-history":[{"count":2,"href":"https:\/\/www.ladamablanca.cl\/wp\/index.php?rest_route=\/wp\/v2\/pages\/2848\/revisions"}],"predecessor-version":[{"id":3108,"href":"https:\/\/www.ladamablanca.cl\/wp\/index.php?rest_route=\/wp\/v2\/pages\/2848\/revisions\/3108"}],"wp:attachment":[{"href":"https:\/\/www.ladamablanca.cl\/wp\/index.php?rest_route=%2Fwp%2Fv2%2Fmedia&parent=2848"}],"curies":[{"name":"wp","href":"https:\/\/api.w.org\/{rel}","templated":true}]}}