{"id":8,"date":"2020-11-19T02:05:06","date_gmt":"2020-11-19T02:05:06","guid":{"rendered":"http:\/\/www.ladamablanca.cl\/wp\/?page_id=8"},"modified":"2021-09-23T15:46:48","modified_gmt":"2021-09-23T15:46:48","slug":"contacto","status":"publish","type":"page","link":"https:\/\/www.ladamablanca.cl\/wp\/?page_id=8","title":{"rendered":"NUESTRA ESCUELA"},"content":{"rendered":"\n<h1 class=\"has-text-align-center wp-block-heading\" style=\"font-size:70px\">VISI\u00d3N<\/h1>\n\n\n\n<h4 class=\"alignwide has-text-align-center wp-block-heading\"><strong>La Escuela La Dama Blanca es una comunidad escolar de Pre-B\u00e1sica y B\u00e1sica integral-inclusiva con identidad de g\u00e9nero mujer. Su modelo educativo concibe una formaci\u00f3n de personas mediante experiencias de aprendizajes&nbsp; significativos en valores de responsabilidad, respeto, afectividad, solidaridad, honestidad, y disciplina; y en capacidades de creatividad, sentido cr\u00edtico-reflexivo, autonom\u00eda, conciencia medioambiental y tecnol\u00f3gica, habilidades sociales comunicativas, de vida saludable y formaci\u00f3n ciudadana, para contribuir a potenciar la autoestima, la integraci\u00f3n social, y la continuidad de estudios de nuestras alumnas.<\/strong><\/h4>\n\n\n\n<h1 class=\"has-text-align-center wp-block-heading\" style=\"font-size:70px\">MISI\u00d3N<\/h1>\n\n\n\n<h4 class=\"alignwide has-text-align-center wp-block-heading\"><strong>La Escuela La Dama Blanca de Talcahuano es una comunidad escolar que promueve una pedagog\u00eda de enfoque&nbsp; socio-cognitivo, para formar personas con autonom\u00eda de aprendizajes, con saberes socialmente productivos, y pr\u00e1cticas pedag\u00f3gicas que promuevan diversos estilos de aprender. Para ello, se propicia una gesti\u00f3n escolar dial\u00f3gica, que garantice una Convivencia Escolar segura con responsabilidad sobre los resultados de aprendizaje, el mejoramiento continuo, el trabajo colaborativo, el efectivo uso de los recursos&nbsp; y la incorporaci\u00f3n de las familias hacia el logro de la igualdad educativa.<\/strong><\/h4>\n","protected":false},"excerpt":{"rendered":"<p>VISI\u00d3N La Escuela La Dama Blanca es una comunidad escolar de Pre-B\u00e1sica y B\u00e1sica integral-inclusiva con identidad de g\u00e9nero mujer. Su modelo educativo concibe una&hellip; <\/p>\n","protected":false},"author":1,"featured_media":474,"parent":0,"menu_order":0,"comment_status":"closed","ping_status":"closed","template":"templates\/template-full-width.php","meta":{"footnotes":""},"class_list":["post-8","page","type-page","status-publish","has-post-thumbnail","hentry"],"_links":{"self":[{"href":"https:\/\/www.ladamablanca.cl\/wp\/index.php?rest_route=\/wp\/v2\/pages\/8","targetHints":{"allow":["GET"]}}],"collection":[{"href":"https:\/\/www.ladamablanca.cl\/wp\/index.php?rest_route=\/wp\/v2\/pages"}],"about":[{"href":"https:\/\/www.ladamablanca.cl\/wp\/index.php?rest_route=\/wp\/v2\/types\/page"}],"author":[{"embeddable":true,"href":"https:\/\/www.ladamablanca.cl\/wp\/index.php?rest_route=\/wp\/v2\/users\/1"}],"replies":[{"embeddable":true,"href":"https:\/\/www.ladamablanca.cl\/wp\/index.php?rest_route=%2Fwp%2Fv2%2Fcomments&post=8"}],"version-history":[{"count":9,"href":"https:\/\/www.ladamablanca.cl\/wp\/index.php?rest_route=\/wp\/v2\/pages\/8\/revisions"}],"predecessor-version":[{"id":611,"href":"https:\/\/www.ladamablanca.cl\/wp\/index.php?rest_route=\/wp\/v2\/pages\/8\/revisions\/611"}],"wp:featuredmedia":[{"embeddable":true,"href":"https:\/\/www.ladamablanca.cl\/wp\/index.php?rest_route=\/wp\/v2\/media\/474"}],"wp:attachment":[{"href":"https:\/\/www.ladamablanca.cl\/wp\/index.php?rest_route=%2Fwp%2Fv2%2Fmedia&parent=8"}],"curies":[{"name":"wp","href":"https:\/\/api.w.org\/{rel}","templated":true}]}}